{"id":1887,"date":"2022-02-15T16:24:49","date_gmt":"2022-02-15T20:24:49","guid":{"rendered":"http:\/\/elektromek.com\/?page_id=1887"},"modified":"2022-02-21T16:53:12","modified_gmt":"2022-02-21T20:53:12","slug":"petrolero","status":"publish","type":"page","link":"https:\/\/elektromek.com\/en\/petrolero\/","title":{"rendered":"Oil"},"content":{"rendered":"<div data-elementor-type=\"wp-page\" data-elementor-id=\"1887\" class=\"elementor elementor-1887\">\n\t\t\t\t\t\t<section class=\"elementor-section elementor-top-section elementor-element elementor-element-91b4d81 elementor-section-height-min-height elementor-section-items-bottom elementor-section-boxed elementor-section-height-default\" data-id=\"91b4d81\" data-element_type=\"section\" data-e-type=\"section\" data-settings=\"{&quot;background_background&quot;:&quot;slideshow&quot;,&quot;background_slideshow_gallery&quot;:[],&quot;background_slideshow_loop&quot;:&quot;yes&quot;,&quot;background_slideshow_slide_duration&quot;:5000,&quot;background_slideshow_slide_transition&quot;:&quot;fade&quot;,&quot;background_slideshow_transition_duration&quot;:500}\">\n\t\t\t\t\t\t\t<div class=\"elementor-background-overlay\"><\/div>\n\t\t\t\t\t\t\t<div class=\"elementor-container elementor-column-gap-no\">\n\t\t\t\t\t<div class=\"elementor-column elementor-col-50 elementor-top-column elementor-element elementor-element-f13e065\" data-id=\"f13e065\" data-element_type=\"column\" data-e-type=\"column\">\n\t\t\t<div class=\"elementor-widget-wrap elementor-element-populated\">\n\t\t\t\t\t\t<div class=\"elementor-element elementor-element-4bdde65 elementor-widget-divider--view-line elementor-widget elementor-widget-divider\" data-id=\"4bdde65\" data-element_type=\"widget\" data-e-type=\"widget\" data-widget_type=\"divider.default\">\n\t\t\t\t<div class=\"elementor-widget-container\">\n\t\t\t\t\t\t\t<div class=\"elementor-divider\">\n\t\t\t<span class=\"elementor-divider-separator\">\n\t\t\t\t\t\t<\/span>\n\t\t<\/div>\n\t\t\t\t\t\t<\/div>\n\t\t\t\t<\/div>\n\t\t\t\t\t<\/div>\n\t\t<\/div>\n\t\t\t\t<div class=\"elementor-column elementor-col-50 elementor-top-column elementor-element elementor-element-afd6fa2\" data-id=\"afd6fa2\" data-element_type=\"column\" data-e-type=\"column\">\n\t\t\t<div class=\"elementor-widget-wrap elementor-element-populated\">\n\t\t\t\t\t\t<div class=\"elementor-element elementor-element-ab636a9 elementor-widget elementor-widget-heading\" data-id=\"ab636a9\" data-element_type=\"widget\" data-e-type=\"widget\" data-widget_type=\"heading.default\">\n\t\t\t\t<div class=\"elementor-widget-container\">\n\t\t\t\t\t<h2 class=\"elementor-heading-title elementor-size-xl\">Oil Sector<\/h2>\t\t\t\t<\/div>\n\t\t\t\t<\/div>\n\t\t\t\t\t<\/div>\n\t\t<\/div>\n\t\t\t\t\t<\/div>\n\t\t<\/section>\n\t\t\t\t<section class=\"elementor-section elementor-top-section elementor-element elementor-element-7766106 elementor-section-boxed elementor-section-height-default elementor-section-height-default\" data-id=\"7766106\" data-element_type=\"section\" data-e-type=\"section\">\n\t\t\t\t\t\t<div class=\"elementor-container elementor-column-gap-no\">\n\t\t\t\t\t<div class=\"elementor-column elementor-col-100 elementor-top-column elementor-element elementor-element-43434b2\" data-id=\"43434b2\" data-element_type=\"column\" data-e-type=\"column\">\n\t\t\t<div class=\"elementor-widget-wrap elementor-element-populated\">\n\t\t\t\t\t\t<div class=\"elementor-element elementor-element-9bb11bb elementor-widget elementor-widget-text-editor\" data-id=\"9bb11bb\" data-element_type=\"widget\" data-e-type=\"widget\" data-widget_type=\"text-editor.default\">\n\t\t\t\t<div class=\"elementor-widget-container\">\n\t\t\t\t\t\t\t\t\t<h5><span style=\"font-weight: 400;\">Our Solution consists of the design and manufacture of Power Houses that typically house the VSD for the feeding of PCP or ESP Pumps under controlled temperature, humidity and dust conditions, thus guaranteeing the continuity in the volume of crude oil production of the Macolla. For this purpose, we based our design criteria on the <\/span><b>PIP Standard \"Process Industry Practices,\" documents: ELSSG11 \"Design and fabrication of electrical power centers.\"<\/b><\/h5><h5><b>We can also incorporate the following improvements:\u00a0<\/b><\/h5><ul><li><h5><span style=\"font-weight: 400;\">Security elements, access control, CCTV and motion detectors.<\/span><\/h5><\/li><li><h5><span style=\"font-weight: 400;\">It provides the possibility to operate and interact remotely via serial port with all the power and control equipment that make up the Power House. This will result in the efficient operation of the Macolla, reducing travel time to the Macollas and decision making.\u00a0<\/span><\/h5><\/li><\/ul><h5><span style=\"font-weight: 400;\">We are at the forefront in terms of research and innovation, currently we are a company that has achieved contributions to standardize an optimal VFD equipment for the extraction of heavy crude oil, so we have incorporated unique elements in the world such as the speed control of 4 quadrants for a time of 5 minutes, thus limiting the effects of backspin and sprocket breakage.<\/span><\/h5>\t\t\t\t\t\t\t\t<\/div>\n\t\t\t\t<\/div>\n\t\t\t\t\t<\/div>\n\t\t<\/div>\n\t\t\t\t\t<\/div>\n\t\t<\/section>\n\t\t\t\t<section class=\"elementor-section elementor-top-section elementor-element elementor-element-ad0a4d8 elementor-section-full_width elementor-section-height-default elementor-section-height-default\" data-id=\"ad0a4d8\" data-element_type=\"section\" data-e-type=\"section\">\n\t\t\t\t\t\t<div class=\"elementor-container elementor-column-gap-no\">\n\t\t\t\t\t<div class=\"elementor-column elementor-col-50 elementor-top-column elementor-element elementor-element-e762785\" data-id=\"e762785\" data-element_type=\"column\" data-e-type=\"column\">\n\t\t\t<div class=\"elementor-widget-wrap elementor-element-populated\">\n\t\t\t\t\t\t<div class=\"elementor-element elementor-element-d210a13 elementor-widget elementor-widget-heading\" data-id=\"d210a13\" data-element_type=\"widget\" data-e-type=\"widget\" data-widget_type=\"heading.default\">\n\t\t\t\t<div class=\"elementor-widget-container\">\n\t\t\t\t\t<h4 class=\"elementor-heading-title elementor-size-xl\">View other sectors<\/h4>\t\t\t\t<\/div>\n\t\t\t\t<\/div>\n\t\t\t\t\t<\/div>\n\t\t<\/div>\n\t\t\t\t<div class=\"elementor-column elementor-col-50 elementor-top-column elementor-element elementor-element-0351466\" data-id=\"0351466\" data-element_type=\"column\" data-e-type=\"column\">\n\t\t\t<div class=\"elementor-widget-wrap\">\n\t\t\t\t\t\t\t<\/div>\n\t\t<\/div>\n\t\t\t\t\t<\/div>\n\t\t<\/section>\n\t\t\t\t<section class=\"elementor-section elementor-top-section elementor-element elementor-element-83fc5f3 elementor-section-boxed elementor-section-height-default elementor-section-height-default\" data-id=\"83fc5f3\" data-element_type=\"section\" data-e-type=\"section\">\n\t\t\t\t\t\t<div class=\"elementor-container elementor-column-gap-default\">\n\t\t\t\t\t<div class=\"elementor-column elementor-col-50 elementor-top-column elementor-element elementor-element-8ddc555\" data-id=\"8ddc555\" data-element_type=\"column\" data-e-type=\"column\">\n\t\t\t<div class=\"elementor-widget-wrap elementor-element-populated\">\n\t\t\t\t\t\t<section class=\"elementor-section elementor-inner-section elementor-element elementor-element-1becb8f elementor-section-full_width elementor-section-height-default elementor-section-height-default\" data-id=\"1becb8f\" data-element_type=\"section\" data-e-type=\"section\">\n\t\t\t\t\t\t<div class=\"elementor-container elementor-column-gap-extended\">\n\t\t\t\t\t<div class=\"elementor-column elementor-col-33 elementor-inner-column elementor-element elementor-element-28a1063\" data-id=\"28a1063\" data-element_type=\"column\" data-e-type=\"column\" data-settings=\"{&quot;background_background&quot;:&quot;classic&quot;}\">\n\t\t\t<div class=\"elementor-widget-wrap elementor-element-populated\">\n\t\t\t\t\t<div class=\"elementor-background-overlay\"><\/div>\n\t\t\t\t\t\t<div class=\"elementor-element elementor-element-16d9164 elementor-widget elementor-widget-image\" data-id=\"16d9164\" data-element_type=\"widget\" data-e-type=\"widget\" data-widget_type=\"image.default\">\n\t\t\t\t<div class=\"elementor-widget-container\">\n\t\t\t\t\t\t\t\t\t\t\t\t<figure class=\"wp-caption\">\n\t\t\t\t\t\t\t\t\t\t\t<a href=\"\/en\/industrial\/\">\n\t\t\t\t\t\t\t<img fetchpriority=\"high\" decoding=\"async\" width=\"802\" height=\"802\" src=\"https:\/\/elektromek.com\/wp-content\/uploads\/2022\/02\/planta-industrial0.png\" class=\"attachment-full size-full wp-image-2125\" alt=\"\" srcset=\"https:\/\/elektromek.com\/wp-content\/uploads\/2022\/02\/planta-industrial0.png 802w, https:\/\/elektromek.com\/wp-content\/uploads\/2022\/02\/planta-industrial0-300x300.png 300w, https:\/\/elektromek.com\/wp-content\/uploads\/2022\/02\/planta-industrial0-150x150.png 150w, https:\/\/elektromek.com\/wp-content\/uploads\/2022\/02\/planta-industrial0-768x768.png 768w, https:\/\/elektromek.com\/wp-content\/uploads\/2022\/02\/planta-industrial0-12x12.png 12w, https:\/\/elektromek.com\/wp-content\/uploads\/2022\/02\/planta-industrial0-100x100.png 100w, https:\/\/elektromek.com\/wp-content\/uploads\/2022\/02\/planta-industrial0-600x600.png 600w\" sizes=\"(max-width: 802px) 100vw, 802px\" \/>\t\t\t\t\t\t\t\t<\/a>\n\t\t\t\t\t\t\t\t\t\t\t<figcaption class=\"widget-image-caption wp-caption-text\">Industrial<\/figcaption>\n\t\t\t\t\t\t\t\t\t\t<\/figure>\n\t\t\t\t\t\t\t\t\t<\/div>\n\t\t\t\t<\/div>\n\t\t\t\t\t<\/div>\n\t\t<\/div>\n\t\t\t\t<div class=\"elementor-column elementor-col-33 elementor-inner-column elementor-element elementor-element-fa6c138\" data-id=\"fa6c138\" data-element_type=\"column\" data-e-type=\"column\" data-settings=\"{&quot;background_background&quot;:&quot;classic&quot;}\">\n\t\t\t<div class=\"elementor-widget-wrap elementor-element-populated\">\n\t\t\t\t\t<div class=\"elementor-background-overlay\"><\/div>\n\t\t\t\t\t\t<div class=\"elementor-element elementor-element-15b935f elementor-widget elementor-widget-image\" data-id=\"15b935f\" data-element_type=\"widget\" data-e-type=\"widget\" data-widget_type=\"image.default\">\n\t\t\t\t<div class=\"elementor-widget-container\">\n\t\t\t\t\t\t\t\t\t\t\t\t<figure class=\"wp-caption\">\n\t\t\t\t\t\t\t\t\t\t\t<a href=\"\/en\/comercial\/\">\n\t\t\t\t\t\t\t<img decoding=\"async\" width=\"802\" height=\"802\" src=\"https:\/\/elektromek.com\/wp-content\/uploads\/2022\/02\/sectorcomercial0.png\" class=\"attachment-full size-full wp-image-2127\" alt=\"\" srcset=\"https:\/\/elektromek.com\/wp-content\/uploads\/2022\/02\/sectorcomercial0.png 802w, https:\/\/elektromek.com\/wp-content\/uploads\/2022\/02\/sectorcomercial0-300x300.png 300w, https:\/\/elektromek.com\/wp-content\/uploads\/2022\/02\/sectorcomercial0-150x150.png 150w, https:\/\/elektromek.com\/wp-content\/uploads\/2022\/02\/sectorcomercial0-768x768.png 768w, https:\/\/elektromek.com\/wp-content\/uploads\/2022\/02\/sectorcomercial0-12x12.png 12w, https:\/\/elektromek.com\/wp-content\/uploads\/2022\/02\/sectorcomercial0-100x100.png 100w, https:\/\/elektromek.com\/wp-content\/uploads\/2022\/02\/sectorcomercial0-600x600.png 600w\" sizes=\"(max-width: 802px) 100vw, 802px\" \/>\t\t\t\t\t\t\t\t<\/a>\n\t\t\t\t\t\t\t\t\t\t\t<figcaption class=\"widget-image-caption wp-caption-text\">Commercial<\/figcaption>\n\t\t\t\t\t\t\t\t\t\t<\/figure>\n\t\t\t\t\t\t\t\t\t<\/div>\n\t\t\t\t<\/div>\n\t\t\t\t\t<\/div>\n\t\t<\/div>\n\t\t\t\t<div class=\"elementor-column elementor-col-33 elementor-inner-column elementor-element elementor-element-8b8208c\" data-id=\"8b8208c\" data-element_type=\"column\" data-e-type=\"column\" data-settings=\"{&quot;background_background&quot;:&quot;classic&quot;}\">\n\t\t\t<div class=\"elementor-widget-wrap elementor-element-populated\">\n\t\t\t\t\t<div class=\"elementor-background-overlay\"><\/div>\n\t\t\t\t\t\t<div class=\"elementor-element elementor-element-29806d6 elementor-widget elementor-widget-image\" data-id=\"29806d6\" data-element_type=\"widget\" data-e-type=\"widget\" data-widget_type=\"image.default\">\n\t\t\t\t<div class=\"elementor-widget-container\">\n\t\t\t\t\t\t\t\t\t\t\t\t<figure class=\"wp-caption\">\n\t\t\t\t\t\t\t\t\t\t\t<a href=\"\/en\/construccion\/\">\n\t\t\t\t\t\t\t<img decoding=\"async\" width=\"686\" height=\"686\" src=\"https:\/\/elektromek.com\/wp-content\/uploads\/2022\/01\/construccio\u0301n.png\" class=\"attachment-full size-full wp-image-811\" alt=\"\" srcset=\"https:\/\/elektromek.com\/wp-content\/uploads\/2022\/01\/construccio\u0301n.png 686w, https:\/\/elektromek.com\/wp-content\/uploads\/2022\/01\/construccio\u0301n-300x300.png 300w, https:\/\/elektromek.com\/wp-content\/uploads\/2022\/01\/construccio\u0301n-150x150.png 150w, https:\/\/elektromek.com\/wp-content\/uploads\/2022\/01\/construccio\u0301n-600x600.png 600w, https:\/\/elektromek.com\/wp-content\/uploads\/2022\/01\/construccio\u0301n-100x100.png 100w\" sizes=\"(max-width: 686px) 100vw, 686px\" \/>\t\t\t\t\t\t\t\t<\/a>\n\t\t\t\t\t\t\t\t\t\t\t<figcaption class=\"widget-image-caption wp-caption-text\">Construction<\/figcaption>\n\t\t\t\t\t\t\t\t\t\t<\/figure>\n\t\t\t\t\t\t\t\t\t<\/div>\n\t\t\t\t<\/div>\n\t\t\t\t\t<\/div>\n\t\t<\/div>\n\t\t\t\t\t<\/div>\n\t\t<\/section>\n\t\t\t\t\t<\/div>\n\t\t<\/div>\n\t\t\t\t<div class=\"elementor-column elementor-col-50 elementor-top-column elementor-element elementor-element-87f2e31\" data-id=\"87f2e31\" data-element_type=\"column\" data-e-type=\"column\">\n\t\t\t<div class=\"elementor-widget-wrap elementor-element-populated\">\n\t\t\t\t\t\t<section class=\"elementor-section elementor-inner-section elementor-element elementor-element-4ffbce7 elementor-section-full_width elementor-section-height-default elementor-section-height-default\" data-id=\"4ffbce7\" data-element_type=\"section\" data-e-type=\"section\">\n\t\t\t\t\t\t<div class=\"elementor-container elementor-column-gap-extended\">\n\t\t\t\t\t<div class=\"elementor-column elementor-col-33 elementor-inner-column elementor-element elementor-element-44a155b\" data-id=\"44a155b\" data-element_type=\"column\" data-e-type=\"column\" data-settings=\"{&quot;background_background&quot;:&quot;classic&quot;}\">\n\t\t\t<div class=\"elementor-widget-wrap elementor-element-populated\">\n\t\t\t\t\t<div class=\"elementor-background-overlay\"><\/div>\n\t\t\t\t\t\t<div class=\"elementor-element elementor-element-de1f09a elementor-widget elementor-widget-image\" data-id=\"de1f09a\" data-element_type=\"widget\" data-e-type=\"widget\" data-widget_type=\"image.default\">\n\t\t\t\t<div class=\"elementor-widget-container\">\n\t\t\t\t\t\t\t\t\t\t\t\t<figure class=\"wp-caption\">\n\t\t\t\t\t\t\t\t\t\t<img loading=\"lazy\" decoding=\"async\" width=\"802\" height=\"802\" src=\"https:\/\/elektromek.com\/wp-content\/uploads\/2022\/01\/utilidades-e1645476078669.jpeg\" class=\"attachment-full size-full wp-image-824\" alt=\"\" \/>\t\t\t\t\t\t\t\t\t\t\t<figcaption class=\"widget-image-caption wp-caption-text\">Oil<\/figcaption>\n\t\t\t\t\t\t\t\t\t\t<\/figure>\n\t\t\t\t\t\t\t\t\t<\/div>\n\t\t\t\t<\/div>\n\t\t\t\t\t<\/div>\n\t\t<\/div>\n\t\t\t\t<div class=\"elementor-column elementor-col-33 elementor-inner-column elementor-element elementor-element-897eee2\" data-id=\"897eee2\" data-element_type=\"column\" data-e-type=\"column\" data-settings=\"{&quot;background_background&quot;:&quot;classic&quot;}\">\n\t\t\t<div class=\"elementor-widget-wrap elementor-element-populated\">\n\t\t\t\t\t<div class=\"elementor-background-overlay\"><\/div>\n\t\t\t\t\t\t<div class=\"elementor-element elementor-element-08cbbeb elementor-widget elementor-widget-image\" data-id=\"08cbbeb\" data-element_type=\"widget\" data-e-type=\"widget\" data-widget_type=\"image.default\">\n\t\t\t\t<div class=\"elementor-widget-container\">\n\t\t\t\t\t\t\t\t\t\t\t\t<figure class=\"wp-caption\">\n\t\t\t\t\t\t\t\t\t\t\t<a href=\"\/en\/gasifero\/\">\n\t\t\t\t\t\t\t<img loading=\"lazy\" decoding=\"async\" width=\"802\" height=\"802\" src=\"https:\/\/elektromek.com\/wp-content\/uploads\/2022\/01\/industria-e1645476101686.png\" class=\"attachment-full size-full wp-image-803\" alt=\"\" \/>\t\t\t\t\t\t\t\t<\/a>\n\t\t\t\t\t\t\t\t\t\t\t<figcaption class=\"widget-image-caption wp-caption-text\">Gas <\/figcaption>\n\t\t\t\t\t\t\t\t\t\t<\/figure>\n\t\t\t\t\t\t\t\t\t<\/div>\n\t\t\t\t<\/div>\n\t\t\t\t\t<\/div>\n\t\t<\/div>\n\t\t\t\t<div class=\"elementor-column elementor-col-33 elementor-inner-column elementor-element elementor-element-bc467a7\" data-id=\"bc467a7\" data-element_type=\"column\" data-e-type=\"column\" data-settings=\"{&quot;background_background&quot;:&quot;classic&quot;}\">\n\t\t\t<div class=\"elementor-widget-wrap elementor-element-populated\">\n\t\t\t\t\t<div class=\"elementor-background-overlay\"><\/div>\n\t\t\t\t\t\t<div class=\"elementor-element elementor-element-a5ade22 elementor-widget elementor-widget-image\" data-id=\"a5ade22\" data-element_type=\"widget\" data-e-type=\"widget\" data-widget_type=\"image.default\">\n\t\t\t\t<div class=\"elementor-widget-container\">\n\t\t\t\t\t\t\t\t\t\t\t\t<figure class=\"wp-caption\">\n\t\t\t\t\t\t\t\t\t\t\t<a href=\"\/en\/minero\/\">\n\t\t\t\t\t\t\t<img loading=\"lazy\" decoding=\"async\" width=\"802\" height=\"802\" src=\"https:\/\/elektromek.com\/wp-content\/uploads\/2022\/02\/sectormineria0.png\" class=\"attachment-full size-full wp-image-2128\" alt=\"\" srcset=\"https:\/\/elektromek.com\/wp-content\/uploads\/2022\/02\/sectormineria0.png 802w, https:\/\/elektromek.com\/wp-content\/uploads\/2022\/02\/sectormineria0-300x300.png 300w, https:\/\/elektromek.com\/wp-content\/uploads\/2022\/02\/sectormineria0-150x150.png 150w, https:\/\/elektromek.com\/wp-content\/uploads\/2022\/02\/sectormineria0-768x768.png 768w, https:\/\/elektromek.com\/wp-content\/uploads\/2022\/02\/sectormineria0-12x12.png 12w, https:\/\/elektromek.com\/wp-content\/uploads\/2022\/02\/sectormineria0-100x100.png 100w, https:\/\/elektromek.com\/wp-content\/uploads\/2022\/02\/sectormineria0-600x600.png 600w\" sizes=\"(max-width: 802px) 100vw, 802px\" \/>\t\t\t\t\t\t\t\t<\/a>\n\t\t\t\t\t\t\t\t\t\t\t<figcaption class=\"widget-image-caption wp-caption-text\">Mining<\/figcaption>\n\t\t\t\t\t\t\t\t\t\t<\/figure>\n\t\t\t\t\t\t\t\t\t<\/div>\n\t\t\t\t<\/div>\n\t\t\t\t\t<\/div>\n\t\t<\/div>\n\t\t\t\t\t<\/div>\n\t\t<\/section>\n\t\t\t\t\t<\/div>\n\t\t<\/div>\n\t\t\t\t\t<\/div>\n\t\t<\/section>\n\t\t\t\t<\/div>","protected":false},"excerpt":{"rendered":"<p>Sector Petrolero Nuestra Soluci\u00f3n consiste en el dise\u00f1o y Fabricaci\u00f3n de Power House que t\u00edpicamente alojan los VSD para la alimentaci\u00f3n de Bombas PCP o ESP bajo condiciones de temperatura, [&hellip;]<\/p>\n","protected":false},"author":2,"featured_media":0,"parent":0,"menu_order":0,"comment_status":"closed","ping_status":"closed","template":"","meta":{"_bbp_topic_count":0,"_bbp_reply_count":0,"_bbp_total_topic_count":0,"_bbp_total_reply_count":0,"_bbp_voice_count":0,"_bbp_anonymous_reply_count":0,"_bbp_topic_count_hidden":0,"_bbp_reply_count_hidden":0,"_bbp_forum_subforum_count":0,"_eb_attr":"","site-sidebar-layout":"no-sidebar","site-content-layout":"page-builder","ast-site-content-layout":"","site-content-style":"default","site-sidebar-style":"default","ast-global-header-display":"","ast-banner-title-visibility":"","ast-main-header-display":"","ast-hfb-above-header-display":"","ast-hfb-below-header-display":"","ast-hfb-mobile-header-display":"","site-post-title":"disabled","ast-breadcrumbs-content":"disabled","ast-featured-img":"disabled","footer-sml-layout":"","theme-transparent-header-meta":"enabled","adv-header-id-meta":"","stick-header-meta":"","header-above-stick-meta":"","header-main-stick-meta":"","header-below-stick-meta":"","astra-migrate-meta-layouts":"default","ast-page-background-enabled":"default","ast-page-background-meta":{"desktop":{"background-color":"","background-image":"","background-repeat":"repeat","background-position":"center center","background-size":"auto","background-attachment":"scroll","background-type":"","background-media":"","overlay-type":"","overlay-color":"","overlay-gradient":""},"tablet":{"background-color":"","background-image":"","background-repeat":"repeat","background-position":"center center","background-size":"auto","background-attachment":"scroll","background-type":"","background-media":"","overlay-type":"","overlay-color":"","overlay-gradient":""},"mobile":{"background-color":"","background-image":"","background-repeat":"repeat","background-position":"center center","background-size":"auto","background-attachment":"scroll","background-type":"","background-media":"","overlay-type":"","overlay-color":"","overlay-gradient":""}},"ast-content-background-meta":{"desktop":{"background-color":"var(--ast-global-color-5)","background-image":"","background-repeat":"repeat","background-position":"center center","background-size":"auto","background-attachment":"scroll","background-type":"","background-media":"","overlay-type":"","overlay-color":"","overlay-gradient":""},"tablet":{"background-color":"var(--ast-global-color-5)","background-image":"","background-repeat":"repeat","background-position":"center center","background-size":"auto","background-attachment":"scroll","background-type":"","background-media":"","overlay-type":"","overlay-color":"","overlay-gradient":""},"mobile":{"background-color":"var(--ast-global-color-5)","background-image":"","background-repeat":"repeat","background-position":"center center","background-size":"auto","background-attachment":"scroll","background-type":"","background-media":"","overlay-type":"","overlay-color":"","overlay-gradient":""}},"footnotes":""},"class_list":["post-1887","page","type-page","status-publish","hentry"],"aioseo_notices":[],"_links":{"self":[{"href":"https:\/\/elektromek.com\/en\/wp-json\/wp\/v2\/pages\/1887","targetHints":{"allow":["GET"]}}],"collection":[{"href":"https:\/\/elektromek.com\/en\/wp-json\/wp\/v2\/pages"}],"about":[{"href":"https:\/\/elektromek.com\/en\/wp-json\/wp\/v2\/types\/page"}],"author":[{"embeddable":true,"href":"https:\/\/elektromek.com\/en\/wp-json\/wp\/v2\/users\/2"}],"replies":[{"embeddable":true,"href":"https:\/\/elektromek.com\/en\/wp-json\/wp\/v2\/comments?post=1887"}],"version-history":[{"count":9,"href":"https:\/\/elektromek.com\/en\/wp-json\/wp\/v2\/pages\/1887\/revisions"}],"predecessor-version":[{"id":2134,"href":"https:\/\/elektromek.com\/en\/wp-json\/wp\/v2\/pages\/1887\/revisions\/2134"}],"wp:attachment":[{"href":"https:\/\/elektromek.com\/en\/wp-json\/wp\/v2\/media?parent=1887"}],"curies":[{"name":"wp","href":"https:\/\/api.w.org\/{rel}","templated":true}]}}